{"id":345,"date":"2018-09-03T13:02:48","date_gmt":"2018-09-03T13:02:48","guid":{"rendered":"https:\/\/demo.gloriathemes.com\/luxe\/demo\/?page_id=345"},"modified":"2021-01-01T14:05:56","modified_gmt":"2021-01-01T14:05:56","slug":"team","status":"publish","type":"page","link":"https:\/\/homelocation.ch\/en\/team\/","title":{"rendered":"Team"},"content":{"rendered":"<div class=\"vc_row wpb_row vc_row-fluid gt-background-position-initial gt-background-attachment-initial gt-text-default\"><div class=\"wpb_column vc_column_container vc_col-sm-12\"><div class=\"vc_column-inner\"><div class=\"wpb_wrapper\"><div class=\"gt-slider\" style=\"height: 100vh;\"><div class=\"swiper-container gt-swiper-slider\" data-gt-direction=\"vertical\" data-gt-item=\"1\" data-gt-item-space=\"0\" data-gt-effect=\"slide\" data-gt-speed=\"1000\" data-gt-loop=\"true\" data-gt-centered-slides=\"false\" data-gt-free-mode=\"false\" data-gt-mousewheel=\"false\" data-gt-lazy-loading=\"false\"><div class=\"swiper-wrapper\"><div class=\"swiper-slide\"><div class=\"gt-img gt-opacity-effect-false gt-background-position-default gt-background-attachment-default gt-background-size-default gt-background-repeat-default\" style=\"background-image:url(https:\/\/homelocation.ch\/wp-content\/uploads\/2020\/12\/lake-3638347_1280.jpg);\"><\/div><div class=\"gt-container\"><div class=\"gt-page-heading gt-left\"><span>Homelocation<\/span><h1>Notre \u00e9quipes <\/h1><\/div><\/div><\/div><\/div><\/div><\/div><\/div><\/div><\/div><\/div><div class=\"vc_row wpb_row vc_row-fluid gt-background-position-initial gt-background-attachment-initial gt-text-default\"><div class=\"wpb_column vc_column_container vc_col-sm-12 vc_col-lg-1\/5 vc_col-md-1\/5 vc_hidden-sm vc_hidden-xs\"><div class=\"vc_column-inner\"><div class=\"wpb_wrapper\"><\/div><\/div><\/div><div class=\"wpb_column vc_column_container vc_col-sm-12 vc_col-lg-3\/5 vc_col-md-3\/5\"><div class=\"vc_column-inner\"><div class=\"wpb_wrapper\"><div class=\"gt-page-heading gt-dark gt-center\"><div class=\"gt-line\"><\/div><span>Our Team<\/span><h1>A whole different kind of architectural firm.<\/h1><\/div><div class=\"vc_empty_space\"   style=\"height: 85px\"><span class=\"vc_empty_space_inner\"><\/span><\/div><\/div><\/div><\/div><div class=\"wpb_column vc_column_container vc_col-sm-12 vc_col-lg-1\/5 vc_col-md-1\/5 vc_hidden-sm vc_hidden-xs\"><div class=\"vc_column-inner\"><div class=\"wpb_wrapper\"><\/div><\/div><\/div><\/div><div class=\"vc_row wpb_row vc_row-fluid gt-background-position-initial gt-background-attachment-initial gt-text-default\"><div class=\"wpb_column vc_column_container vc_col-sm-12\"><div class=\"vc_column-inner\"><div class=\"wpb_wrapper\"><div class=\"gt-team-list gt-columns gt-column-3\"><div class=\"gt-col\"><div class=\"gt-item\"><div class=\"gt-img\"><img width=\"505\" height=\"630\" class=\"attachment-luxe-team-list size-luxe-team-list gt-lazy-load\" alt=\"\" data-src=\"https:\/\/homelocation.ch\/wp-content\/uploads\/2020\/12\/DSC_8054-505x630.jpeg\" \/><\/div><div class=\"gt-content\"><span><div class=\"gt-title\">Yassine <\/div><div class=\"gt-subtitle\">Fondateur <\/div><p>In this sector, customer satisfaction begins upstream the prospection.<\/p>\n<\/span><ul class=\"gt-social-list\"><li><a href=\"https:\/\/www.facebook.com\/gloriathemes\/\" target=\"_blank\" class=\"gt-facebook\"><i class=\"fab fa-facebook-f\"><\/i><\/a><\/li><li><a href=\"https:\/\/twitter.com\/GloriaThemes\" target=\"_blank\" class=\"gt-twitter\"><i class=\"fab fa-twitter\"><\/i><\/a><\/li><li><a href=\"https:\/\/www.youtube.com\/channel\/UCQ33nDAYSrv_IdPH71q33iQ\" target=\"_blank\" class=\"gt-youtube\"><i class=\"fab fa-youtube\"><\/i><\/a><\/li><li><a href=\"https:\/\/www.instagram.com\/gloriathemes\/\" target=\"_blank\" class=\"gt-instagram\"><i class=\"fab fa-instagram\"><\/i><\/a><\/li><\/ul><\/div><\/div><\/div><div class=\"gt-col\"><div class=\"gt-item\"><div class=\"gt-img\"><img width=\"400\" height=\"500\" class=\"attachment-luxe-team-list size-luxe-team-list gt-lazy-load\" alt=\"\" data-src=\"https:\/\/homelocation.ch\/wp-content\/uploads\/2018\/09\/team-1.jpg\" data-srcset=\"https:\/\/homelocation.ch\/wp-content\/uploads\/2018\/09\/team-1.jpg 400w, https:\/\/homelocation.ch\/wp-content\/uploads\/2018\/09\/team-1-240x300.jpg 240w\" data-sizes=\"(max-width: 400px) 100vw, 400px\" \/><\/div><div class=\"gt-content\"><span><div class=\"gt-title\">Anastasia <\/div><div class=\"gt-subtitle\">Operational coordinator<\/div><p>\u00ab Il incombe \u00e0 chaque acteur de dessiner son identit\u00e9 et de d\u00e9terminer la mani\u00e8re dont il souhaite agir avec ses clients.<\/p>\n<\/span><ul class=\"gt-social-list\"><li><a href=\"https:\/\/www.facebook.com\/gloriathemes\/\" target=\"_blank\" class=\"gt-facebook\"><i class=\"fab fa-facebook-f\"><\/i><\/a><\/li><li><a href=\"https:\/\/twitter.com\/GloriaThemes\" target=\"_blank\" class=\"gt-twitter\"><i class=\"fab fa-twitter\"><\/i><\/a><\/li><li><a href=\"https:\/\/www.youtube.com\/channel\/UCQ33nDAYSrv_IdPH71q33iQ\" target=\"_blank\" class=\"gt-youtube\"><i class=\"fab fa-youtube\"><\/i><\/a><\/li><li><a href=\"https:\/\/www.instagram.com\/gloriathemes\/\" target=\"_blank\" class=\"gt-instagram\"><i class=\"fab fa-instagram\"><\/i><\/a><\/li><\/ul><\/div><\/div><\/div><div class=\"gt-col\"><div class=\"gt-item\"><div class=\"gt-img\"><img width=\"505\" height=\"630\" class=\"attachment-luxe-team-list size-luxe-team-list gt-lazy-load\" alt=\"\" data-src=\"https:\/\/homelocation.ch\/wp-content\/uploads\/2020\/12\/DSC_8067-505x630.jpeg\" \/><\/div><div class=\"gt-content\"><span><div class=\"gt-title\">Dan <\/div><div class=\"gt-subtitle\">Agent immobilier <\/div><p> Ce qui fait l\u2019ADN de l\u2019agent immobilier, c\u2019est d\u2019\u00eatre avant tout un commer\u00e7ant de proximit\u00e9s.<\/p>\n<\/span><ul class=\"gt-social-list\"><li><a href=\"https:\/\/www.facebook.com\/gloriathemes\/\" target=\"_blank\" class=\"gt-facebook\"><i class=\"fab fa-facebook-f\"><\/i><\/a><\/li><li><a href=\"https:\/\/twitter.com\/GloriaThemes\" target=\"_blank\" class=\"gt-twitter\"><i class=\"fab fa-twitter\"><\/i><\/a><\/li><li><a href=\"https:\/\/www.youtube.com\/channel\/UCQ33nDAYSrv_IdPH71q33iQ\" target=\"_blank\" class=\"gt-youtube\"><i class=\"fab fa-youtube\"><\/i><\/a><\/li><li><a href=\"https:\/\/www.instagram.com\/gloriathemes\/\" target=\"_blank\" class=\"gt-instagram\"><i class=\"fab fa-instagram\"><\/i><\/a><\/li><\/ul><\/div><\/div><\/div><div class=\"gt-col\"><div class=\"gt-item\"><div class=\"gt-img\"><img width=\"400\" height=\"500\" class=\"attachment-luxe-team-list size-luxe-team-list gt-lazy-load\" alt=\"\" data-src=\"https:\/\/homelocation.ch\/wp-content\/uploads\/2018\/09\/team-5.jpg\" data-srcset=\"https:\/\/homelocation.ch\/wp-content\/uploads\/2018\/09\/team-5.jpg 400w, https:\/\/homelocation.ch\/wp-content\/uploads\/2018\/09\/team-5-240x300.jpg 240w\" data-sizes=\"(max-width: 400px) 100vw, 400px\" \/><\/div><div class=\"gt-content\"><span><div class=\"gt-title\">Sheri R. Walker<\/div><div class=\"gt-subtitle\">General Coordinator<\/div><p>Lorem ipsum dolor sit amet, consectetur adipiscing elit, sed do eiusmod tempor incididunt ut labore et dolore magna aliqua.<\/p>\n<\/span><ul class=\"gt-social-list\"><li><a href=\"https:\/\/www.facebook.com\/gloriathemes\/\" target=\"_blank\" class=\"gt-facebook\"><i class=\"fab fa-facebook-f\"><\/i><\/a><\/li><li><a href=\"https:\/\/twitter.com\/GloriaThemes\" target=\"_blank\" class=\"gt-twitter\"><i class=\"fab fa-twitter\"><\/i><\/a><\/li><li><a href=\"https:\/\/www.youtube.com\/channel\/UCQ33nDAYSrv_IdPH71q33iQ\" target=\"_blank\" class=\"gt-youtube\"><i class=\"fab fa-youtube\"><\/i><\/a><\/li><li><a href=\"https:\/\/www.instagram.com\/gloriathemes\/\" target=\"_blank\" class=\"gt-instagram\"><i class=\"fab fa-instagram\"><\/i><\/a><\/li><\/ul><\/div><\/div><\/div><div class=\"gt-col\"><div class=\"gt-item\"><div class=\"gt-img\"><img width=\"400\" height=\"500\" class=\"attachment-luxe-team-list size-luxe-team-list gt-lazy-load\" alt=\"\" data-src=\"https:\/\/homelocation.ch\/wp-content\/uploads\/2018\/09\/team-6.jpg\" data-srcset=\"https:\/\/homelocation.ch\/wp-content\/uploads\/2018\/09\/team-6.jpg 400w, https:\/\/homelocation.ch\/wp-content\/uploads\/2018\/09\/team-6-240x300.jpg 240w\" data-sizes=\"(max-width: 400px) 100vw, 400px\" \/><\/div><div class=\"gt-content\"><span><div class=\"gt-title\">Angela Elledge<\/div><div class=\"gt-subtitle\">Human Resources<\/div><p>Lorem ipsum dolor sit amet, consectetur adipiscing elit, sed do eiusmod tempor incididunt ut labore et dolore magna aliqua.<\/p>\n<\/span><ul class=\"gt-social-list\"><li><a href=\"https:\/\/www.facebook.com\/gloriathemes\/\" target=\"_blank\" class=\"gt-facebook\"><i class=\"fab fa-facebook-f\"><\/i><\/a><\/li><li><a href=\"https:\/\/twitter.com\/GloriaThemes\" target=\"_blank\" class=\"gt-twitter\"><i class=\"fab fa-twitter\"><\/i><\/a><\/li><li><a href=\"https:\/\/www.youtube.com\/channel\/UCQ33nDAYSrv_IdPH71q33iQ\" target=\"_blank\" class=\"gt-youtube\"><i class=\"fab fa-youtube\"><\/i><\/a><\/li><li><a href=\"https:\/\/www.instagram.com\/gloriathemes\/\" target=\"_blank\" class=\"gt-instagram\"><i class=\"fab fa-instagram\"><\/i><\/a><\/li><\/ul><\/div><\/div><\/div><div class=\"gt-col\"><div class=\"gt-item\"><div class=\"gt-img\"><img width=\"400\" height=\"500\" class=\"attachment-luxe-team-list size-luxe-team-list gt-lazy-load\" alt=\"\" data-src=\"https:\/\/homelocation.ch\/wp-content\/uploads\/2018\/09\/team-4.jpg\" data-srcset=\"https:\/\/homelocation.ch\/wp-content\/uploads\/2018\/09\/team-4.jpg 400w, https:\/\/homelocation.ch\/wp-content\/uploads\/2018\/09\/team-4-240x300.jpg 240w\" data-sizes=\"(max-width: 400px) 100vw, 400px\" \/><\/div><div class=\"gt-content\"><span><div class=\"gt-title\">John Walker<\/div><div class=\"gt-subtitle\">CEO \/ Founder<\/div><p>Lorem ipsum dolor sit amet, consectetur adipiscing elit, sed do eiusmod tempor incididunt ut labore et dolore magna aliqua.<\/p>\n<\/span><ul class=\"gt-social-list\"><li><a href=\"https:\/\/www.facebook.com\/gloriathemes\/\" target=\"_blank\" class=\"gt-facebook\"><i class=\"fab fa-facebook-f\"><\/i><\/a><\/li><li><a href=\"https:\/\/twitter.com\/GloriaThemes\" target=\"_blank\" class=\"gt-twitter\"><i class=\"fab fa-twitter\"><\/i><\/a><\/li><li><a href=\"https:\/\/www.youtube.com\/channel\/UCQ33nDAYSrv_IdPH71q33iQ\" target=\"_blank\" class=\"gt-youtube\"><i class=\"fab fa-youtube\"><\/i><\/a><\/li><li><a href=\"https:\/\/www.instagram.com\/gloriathemes\/\" target=\"_blank\" class=\"gt-instagram\"><i class=\"fab fa-instagram\"><\/i><\/a><\/li><\/ul><\/div><\/div><\/div><\/div><div class=\"vc_empty_space\"   style=\"height: 120px\"><span class=\"vc_empty_space_inner\"><\/span><\/div><\/div><\/div><\/div><\/div>","protected":false},"excerpt":{"rendered":"HomelocationNotre \u00e9quipes Our TeamA whole different kind of architectural firm.Yassine Fondateur Dans ce domaine, il faut \u00eatre conscient que la satisfaction client d\u00e9bute en amont de la prospection. Anastasia Coordinatrice...","protected":false},"author":1,"featured_media":0,"parent":0,"menu_order":0,"comment_status":"closed","ping_status":"closed","template":"","meta":{"om_disable_all_campaigns":false,"_monsterinsights_skip_tracking":false,"_monsterinsights_sitenote_active":false,"_monsterinsights_sitenote_note":"","_monsterinsights_sitenote_category":0,"footnotes":""},"class_list":["post-345","page","type-page","status-publish","hentry"],"aioseo_notices":[],"yoast_head":"<!-- This site is optimized with the Yoast SEO plugin v27.4 - https:\/\/yoast.com\/product\/yoast-seo-wordpress\/ -->\n<title>Team - Homelocation.ch<\/title>\n<meta name=\"robots\" content=\"index, follow, max-snippet:-1, max-image-preview:large, max-video-preview:-1\" \/>\n<link rel=\"canonical\" href=\"https:\/\/homelocation.ch\/en\/team\/\" \/>\n<meta property=\"og:locale\" content=\"en_GB\" \/>\n<meta property=\"og:type\" content=\"article\" \/>\n<meta property=\"og:title\" content=\"Team - Homelocation.ch\" \/>\n<meta property=\"og:url\" content=\"https:\/\/homelocation.ch\/en\/team\/\" \/>\n<meta property=\"og:site_name\" content=\"Homelocation.ch\" \/>\n<meta property=\"article:modified_time\" content=\"2021-01-01T14:05:56+00:00\" \/>\n<meta name=\"twitter:card\" content=\"summary_large_image\" \/>\n<meta name=\"twitter:label1\" content=\"Estimated reading time\" \/>\n\t<meta name=\"twitter:data1\" content=\"5 minutes\" \/>\n<script type=\"application\/ld+json\" class=\"yoast-schema-graph\">{\"@context\":\"https:\\\/\\\/schema.org\",\"@graph\":[{\"@type\":\"WebPage\",\"@id\":\"https:\\\/\\\/homelocation.ch\\\/team\\\/\",\"url\":\"https:\\\/\\\/homelocation.ch\\\/team\\\/\",\"name\":\"Team - Homelocation.ch\",\"isPartOf\":{\"@id\":\"https:\\\/\\\/homelocation.ch\\\/#website\"},\"datePublished\":\"2018-09-03T13:02:48+00:00\",\"dateModified\":\"2021-01-01T14:05:56+00:00\",\"breadcrumb\":{\"@id\":\"https:\\\/\\\/homelocation.ch\\\/team\\\/#breadcrumb\"},\"inLanguage\":\"en-GB\",\"potentialAction\":[{\"@type\":\"ReadAction\",\"target\":[\"https:\\\/\\\/homelocation.ch\\\/team\\\/\"]}]},{\"@type\":\"BreadcrumbList\",\"@id\":\"https:\\\/\\\/homelocation.ch\\\/team\\\/#breadcrumb\",\"itemListElement\":[{\"@type\":\"ListItem\",\"position\":1,\"name\":\"Accueil\",\"item\":\"https:\\\/\\\/homelocation.ch\\\/\"},{\"@type\":\"ListItem\",\"position\":2,\"name\":\"Team\"}]},{\"@type\":\"WebSite\",\"@id\":\"https:\\\/\\\/homelocation.ch\\\/#website\",\"url\":\"https:\\\/\\\/homelocation.ch\\\/\",\"name\":\"Homelocation.ch\",\"description\":\"L&#039;ideal fa\u00e7onn\u00e9 pour vous !\",\"potentialAction\":[{\"@type\":\"SearchAction\",\"target\":{\"@type\":\"EntryPoint\",\"urlTemplate\":\"https:\\\/\\\/homelocation.ch\\\/?s={search_term_string}\"},\"query-input\":{\"@type\":\"PropertyValueSpecification\",\"valueRequired\":true,\"valueName\":\"search_term_string\"}}],\"inLanguage\":\"en-GB\"}]}<\/script>\n<!-- \/ Yoast SEO plugin. -->","yoast_head_json":{"title":"Team - Homelocation.ch","robots":{"index":"index","follow":"follow","max-snippet":"max-snippet:-1","max-image-preview":"max-image-preview:large","max-video-preview":"max-video-preview:-1"},"canonical":"https:\/\/homelocation.ch\/en\/team\/","og_locale":"en_GB","og_type":"article","og_title":"Team - Homelocation.ch","og_url":"https:\/\/homelocation.ch\/en\/team\/","og_site_name":"Homelocation.ch","article_modified_time":"2021-01-01T14:05:56+00:00","twitter_card":"summary_large_image","twitter_misc":{"Estimated reading time":"5 minutes"},"schema":{"@context":"https:\/\/schema.org","@graph":[{"@type":"WebPage","@id":"https:\/\/homelocation.ch\/team\/","url":"https:\/\/homelocation.ch\/team\/","name":"Team - Homelocation.ch","isPartOf":{"@id":"https:\/\/homelocation.ch\/#website"},"datePublished":"2018-09-03T13:02:48+00:00","dateModified":"2021-01-01T14:05:56+00:00","breadcrumb":{"@id":"https:\/\/homelocation.ch\/team\/#breadcrumb"},"inLanguage":"en-GB","potentialAction":[{"@type":"ReadAction","target":["https:\/\/homelocation.ch\/team\/"]}]},{"@type":"BreadcrumbList","@id":"https:\/\/homelocation.ch\/team\/#breadcrumb","itemListElement":[{"@type":"ListItem","position":1,"name":"Accueil","item":"https:\/\/homelocation.ch\/"},{"@type":"ListItem","position":2,"name":"Team"}]},{"@type":"WebSite","@id":"https:\/\/homelocation.ch\/#website","url":"https:\/\/homelocation.ch\/","name":"Homelocation.ch","description":"L&#039;ideal fa\u00e7onn\u00e9 pour vous !","potentialAction":[{"@type":"SearchAction","target":{"@type":"EntryPoint","urlTemplate":"https:\/\/homelocation.ch\/?s={search_term_string}"},"query-input":{"@type":"PropertyValueSpecification","valueRequired":true,"valueName":"search_term_string"}}],"inLanguage":"en-GB"}]}},"_links":{"self":[{"href":"https:\/\/homelocation.ch\/en\/wp-json\/wp\/v2\/pages\/345","targetHints":{"allow":["GET"]}}],"collection":[{"href":"https:\/\/homelocation.ch\/en\/wp-json\/wp\/v2\/pages"}],"about":[{"href":"https:\/\/homelocation.ch\/en\/wp-json\/wp\/v2\/types\/page"}],"author":[{"embeddable":true,"href":"https:\/\/homelocation.ch\/en\/wp-json\/wp\/v2\/users\/1"}],"replies":[{"embeddable":true,"href":"https:\/\/homelocation.ch\/en\/wp-json\/wp\/v2\/comments?post=345"}],"version-history":[{"count":3,"href":"https:\/\/homelocation.ch\/en\/wp-json\/wp\/v2\/pages\/345\/revisions"}],"predecessor-version":[{"id":2535,"href":"https:\/\/homelocation.ch\/en\/wp-json\/wp\/v2\/pages\/345\/revisions\/2535"}],"wp:attachment":[{"href":"https:\/\/homelocation.ch\/en\/wp-json\/wp\/v2\/media?parent=345"}],"curies":[{"name":"wp","href":"https:\/\/api.w.org\/{rel}","templated":true}]}}