{"id":2039,"date":"2019-07-01T19:13:54","date_gmt":"2019-07-01T19:13:54","guid":{"rendered":"https:\/\/demo.gloriathemes.com\/luxe\/demo\/?page_id=2039"},"modified":"2026-03-25T10:10:42","modified_gmt":"2026-03-25T10:10:42","slug":"gestion-locatifs","status":"publish","type":"page","link":"https:\/\/homelocation.ch\/en\/gestion-locatifs\/","title":{"rendered":"gestion-locatifs"},"content":{"rendered":"<div data-vc-full-width=\"true\" data-vc-full-width-init=\"false\" data-vc-stretch-content=\"true\" class=\"vc_row wpb_row vc_row-fluid gt-background-position-initial gt-background-attachment-initial gt-text-default vc_row-no-padding\"><div class=\"wpb_column vc_column_container vc_col-sm-12\"><div class=\"vc_column-inner\"><div class=\"wpb_wrapper\"><div class=\"gt-slider\" style=\"height: 100vh;\"><div class=\"swiper-container gt-swiper-slider\" data-gt-direction=\"vertical\" data-gt-item=\"1\" data-gt-item-space=\"0\" data-gt-effect=\"slide\" data-gt-speed=\"1000\" data-gt-loop=\"true\" data-gt-centered-slides=\"false\" data-gt-free-mode=\"false\" data-gt-mousewheel=\"false\" data-gt-lazy-loading=\"true\"><div class=\"swiper-wrapper\"><div class=\"swiper-slide\"><div class=\"gt-img swiper-lazy gt-opacity-effect-true gt-background-position-default gt-background-attachment-default gt-background-size-default gt-background-repeat-default\" data-background=\"https:\/\/homelocation.ch\/wp-content\/uploads\/2022\/01\/02_Notre-savoir-faire-min-1920x1200.png\"><div class=\"swiper-lazy-preloader\"><\/div><\/div><div class=\"gt-container\"><div class=\"gt-page-heading gt-center\"><div class=\"gt-line\"><\/div><span>our expertise...<\/span><h1>Rental management<\/h1><\/div><\/div><\/div><\/div><div class=\"gt-slider-controls\"><div class=\"gt-slider-button gt-slider-prev\"><svg xmlns=\"http:\/\/www.w3.org\/2000\/svg\" viewbox=\"0 0 24 24\" fill=\"none\" stroke=\"currentColor\" stroke-width=\"2\" stroke-linecap=\"round\" stroke-linejoin=\"round\"><polyline points=\"15 18 9 12 15 6\"><\/polyline><\/svg><\/div><div class=\"gt-slider-button gt-slider-next\"><svg xmlns=\"http:\/\/www.w3.org\/2000\/svg\" viewbox=\"0 0 24 24\" fill=\"none\" stroke=\"currentColor\" stroke-width=\"2\" stroke-linecap=\"round\" stroke-linejoin=\"round\"><polyline points=\"9 18 15 12 9 6\"><\/polyline><\/svg><\/div><\/div><\/div><\/div><\/div><\/div><\/div><\/div><div class=\"vc_row-full-width vc_clearfix\"><\/div><div data-vc-full-width=\"true\" data-vc-full-width-init=\"false\" data-vc-stretch-content=\"true\" class=\"vc_row wpb_row vc_row-fluid gt-background-position-initial gt-background-attachment-initial gt-text-default vc_row-no-padding\"><div class=\"wpb_column vc_column_container vc_col-sm-12\"><div class=\"vc_column-inner\"><div class=\"wpb_wrapper\"><div class=\"vc_empty_space\"   style=\"height: 100px\"><span class=\"vc_empty_space_inner\"><\/span><\/div><\/div><\/div><\/div><\/div><div class=\"vc_row-full-width vc_clearfix\"><\/div><div class=\"vc_row wpb_row vc_row-fluid wpb_animate_when_almost_visible wpb_left-to-right left-to-right gt-background-position-initial gt-background-attachment-initial gt-text-default\"><div class=\"wpb_column vc_column_container vc_col-sm-6\"><div class=\"vc_column-inner\"><div class=\"wpb_wrapper\"><div class=\"gt-image gt-align-left\"><img width=\"1919\" height=\"1280\" class=\"attachment-full size-full gt-lazy-load\" alt=\"\" data-src=\"https:\/\/homelocation.ch\/wp-content\/uploads\/2022\/01\/02_Vos-re\u0300gles-du-jeu-min.png\" data-srcset=\"https:\/\/homelocation.ch\/wp-content\/uploads\/2022\/01\/02_Vos-re\u0300gles-du-jeu-min.png 1919w, https:\/\/homelocation.ch\/wp-content\/uploads\/2022\/01\/02_Vos-re\u0300gles-du-jeu-min-300x200.png 300w, https:\/\/homelocation.ch\/wp-content\/uploads\/2022\/01\/02_Vos-re\u0300gles-du-jeu-min-1024x683.png 1024w, https:\/\/homelocation.ch\/wp-content\/uploads\/2022\/01\/02_Vos-re\u0300gles-du-jeu-min-768x512.png 768w, https:\/\/homelocation.ch\/wp-content\/uploads\/2022\/01\/02_Vos-re\u0300gles-du-jeu-min-1536x1025.png 1536w, https:\/\/homelocation.ch\/wp-content\/uploads\/2022\/01\/02_Vos-re\u0300gles-du-jeu-min-18x12.png 18w\" data-sizes=\"(max-width: 1919px) 100vw, 1919px\" \/><\/div><\/div><\/div><\/div><div class=\"wpb_column vc_column_container vc_col-sm-6\"><div class=\"vc_column-inner\"><div class=\"wpb_wrapper\">\n\t<div class=\"wpb_text_column wpb_content_element\" >\n\t\t<div class=\"wpb_wrapper\">\n\t\t\t<h2>... your rules!<\/h2>\n<p>We offer our clients high-quality property management services to maximize the rental value and income of their property (whether it's an apartment, a house, or a building), while staying fully informed of laws, regulations, and best practices to protect their interests in all circumstances. We ensure tenant satisfaction by being highly responsive, attentive, and meeting with each tenant personally at every key stage. Contact us for any information or to schedule an appointment!<\/p>\n\n\t\t<\/div>\n\t<\/div>\n<\/div><\/div><\/div><\/div><div data-vc-full-width=\"true\" data-vc-full-width-init=\"false\" data-vc-stretch-content=\"true\" class=\"vc_row wpb_row vc_row-fluid gt-background-position-initial gt-background-attachment-initial gt-text-default vc_row-no-padding\"><div class=\"wpb_column vc_column_container vc_col-sm-12\"><div class=\"vc_column-inner\"><div class=\"wpb_wrapper\"><div class=\"vc_empty_space\"   style=\"height: 100px\"><span class=\"vc_empty_space_inner\"><\/span><\/div><\/div><\/div><\/div><\/div><div class=\"vc_row-full-width vc_clearfix\"><\/div><div class=\"vc_row wpb_row vc_row-fluid gt-background-position-initial gt-background-attachment-initial gt-text-default\"><div class=\"wpb_column vc_column_container vc_col-sm-12\"><div class=\"vc_column-inner\"><div class=\"wpb_wrapper\">\n\t<div class=\"wpb_text_column wpb_content_element\" >\n\t\t<div class=\"wpb_wrapper\">\n\t\t\t<p style=\"text-align: center;\"><strong>Rue Voltaire 16; 1201 Gen\u00e8ve<br \/>\n<\/strong><strong>contact@homelocation.ch<br \/>\n<\/strong><strong>T\u00e9l\u00e9phone : +<a href=\"tel:41225120092\">41 22 512 00 92<\/a><br \/>\n<\/strong><a href=\"https:\/\/homelocation.ch\/en\/\"><strong>www.homelocation.ch<\/strong><\/a><\/p>\n\n\t\t<\/div>\n\t<\/div>\n<\/div><\/div><\/div><\/div>","protected":false},"excerpt":{"rendered":"Notre savoir-faire\u2026Gestion Locative Vos r\u00e8gle du jeu ! Nous offrons \u00e0 nos clients une gestion locative de qualit\u00e9, afin de maximiser la valeur locative de leur bien et leur revenu...","protected":false},"author":1,"featured_media":0,"parent":0,"menu_order":0,"comment_status":"closed","ping_status":"closed","template":"","meta":{"om_disable_all_campaigns":false,"_monsterinsights_skip_tracking":false,"_monsterinsights_sitenote_active":false,"_monsterinsights_sitenote_note":"","_monsterinsights_sitenote_category":0,"footnotes":""},"class_list":["post-2039","page","type-page","status-publish","hentry"],"aioseo_notices":[],"yoast_head":"<!-- This site is optimized with the Yoast SEO plugin v27.3 - https:\/\/yoast.com\/product\/yoast-seo-wordpress\/ -->\n<title>gestion-locatifs - Homelocation.ch<\/title>\n<meta name=\"robots\" content=\"index, follow, max-snippet:-1, max-image-preview:large, max-video-preview:-1\" \/>\n<link rel=\"canonical\" href=\"https:\/\/homelocation.ch\/en\/gestion-locatifs\/\" \/>\n<meta property=\"og:locale\" content=\"en_GB\" \/>\n<meta property=\"og:type\" content=\"article\" \/>\n<meta property=\"og:title\" content=\"gestion-locatifs - Homelocation.ch\" \/>\n<meta property=\"og:url\" content=\"https:\/\/homelocation.ch\/en\/gestion-locatifs\/\" \/>\n<meta property=\"og:site_name\" content=\"Homelocation.ch\" \/>\n<meta property=\"article:modified_time\" content=\"2026-03-25T10:10:42+00:00\" \/>\n<meta name=\"twitter:card\" content=\"summary_large_image\" \/>\n<meta name=\"twitter:label1\" content=\"Estimated reading time\" \/>\n\t<meta name=\"twitter:data1\" content=\"1 minute\" \/>\n<script type=\"application\/ld+json\" class=\"yoast-schema-graph\">{\"@context\":\"https:\\\/\\\/schema.org\",\"@graph\":[{\"@type\":\"WebPage\",\"@id\":\"https:\\\/\\\/homelocation.ch\\\/gestion-locatifs\\\/\",\"url\":\"https:\\\/\\\/homelocation.ch\\\/gestion-locatifs\\\/\",\"name\":\"gestion-locatifs - Homelocation.ch\",\"isPartOf\":{\"@id\":\"https:\\\/\\\/homelocation.ch\\\/#website\"},\"datePublished\":\"2019-07-01T19:13:54+00:00\",\"dateModified\":\"2026-03-25T10:10:42+00:00\",\"breadcrumb\":{\"@id\":\"https:\\\/\\\/homelocation.ch\\\/gestion-locatifs\\\/#breadcrumb\"},\"inLanguage\":\"en-GB\",\"potentialAction\":[{\"@type\":\"ReadAction\",\"target\":[\"https:\\\/\\\/homelocation.ch\\\/gestion-locatifs\\\/\"]}]},{\"@type\":\"BreadcrumbList\",\"@id\":\"https:\\\/\\\/homelocation.ch\\\/gestion-locatifs\\\/#breadcrumb\",\"itemListElement\":[{\"@type\":\"ListItem\",\"position\":1,\"name\":\"Accueil\",\"item\":\"https:\\\/\\\/homelocation.ch\\\/\"},{\"@type\":\"ListItem\",\"position\":2,\"name\":\"gestion-locatifs\"}]},{\"@type\":\"WebSite\",\"@id\":\"https:\\\/\\\/homelocation.ch\\\/#website\",\"url\":\"https:\\\/\\\/homelocation.ch\\\/\",\"name\":\"Homelocation.ch\",\"description\":\"L&#039;ideal fa\u00e7onn\u00e9 pour vous !\",\"potentialAction\":[{\"@type\":\"SearchAction\",\"target\":{\"@type\":\"EntryPoint\",\"urlTemplate\":\"https:\\\/\\\/homelocation.ch\\\/?s={search_term_string}\"},\"query-input\":{\"@type\":\"PropertyValueSpecification\",\"valueRequired\":true,\"valueName\":\"search_term_string\"}}],\"inLanguage\":\"en-GB\"}]}<\/script>\n<!-- \/ Yoast SEO plugin. -->","yoast_head_json":{"title":"gestion-locatifs - Homelocation.ch","robots":{"index":"index","follow":"follow","max-snippet":"max-snippet:-1","max-image-preview":"max-image-preview:large","max-video-preview":"max-video-preview:-1"},"canonical":"https:\/\/homelocation.ch\/en\/gestion-locatifs\/","og_locale":"en_GB","og_type":"article","og_title":"gestion-locatifs - Homelocation.ch","og_url":"https:\/\/homelocation.ch\/en\/gestion-locatifs\/","og_site_name":"Homelocation.ch","article_modified_time":"2026-03-25T10:10:42+00:00","twitter_card":"summary_large_image","twitter_misc":{"Estimated reading time":"1 minute"},"schema":{"@context":"https:\/\/schema.org","@graph":[{"@type":"WebPage","@id":"https:\/\/homelocation.ch\/gestion-locatifs\/","url":"https:\/\/homelocation.ch\/gestion-locatifs\/","name":"gestion-locatifs - Homelocation.ch","isPartOf":{"@id":"https:\/\/homelocation.ch\/#website"},"datePublished":"2019-07-01T19:13:54+00:00","dateModified":"2026-03-25T10:10:42+00:00","breadcrumb":{"@id":"https:\/\/homelocation.ch\/gestion-locatifs\/#breadcrumb"},"inLanguage":"en-GB","potentialAction":[{"@type":"ReadAction","target":["https:\/\/homelocation.ch\/gestion-locatifs\/"]}]},{"@type":"BreadcrumbList","@id":"https:\/\/homelocation.ch\/gestion-locatifs\/#breadcrumb","itemListElement":[{"@type":"ListItem","position":1,"name":"Accueil","item":"https:\/\/homelocation.ch\/"},{"@type":"ListItem","position":2,"name":"gestion-locatifs"}]},{"@type":"WebSite","@id":"https:\/\/homelocation.ch\/#website","url":"https:\/\/homelocation.ch\/","name":"Homelocation.ch","description":"L&#039;ideal fa\u00e7onn\u00e9 pour vous !","potentialAction":[{"@type":"SearchAction","target":{"@type":"EntryPoint","urlTemplate":"https:\/\/homelocation.ch\/?s={search_term_string}"},"query-input":{"@type":"PropertyValueSpecification","valueRequired":true,"valueName":"search_term_string"}}],"inLanguage":"en-GB"}]}},"_links":{"self":[{"href":"https:\/\/homelocation.ch\/en\/wp-json\/wp\/v2\/pages\/2039","targetHints":{"allow":["GET"]}}],"collection":[{"href":"https:\/\/homelocation.ch\/en\/wp-json\/wp\/v2\/pages"}],"about":[{"href":"https:\/\/homelocation.ch\/en\/wp-json\/wp\/v2\/types\/page"}],"author":[{"embeddable":true,"href":"https:\/\/homelocation.ch\/en\/wp-json\/wp\/v2\/users\/1"}],"replies":[{"embeddable":true,"href":"https:\/\/homelocation.ch\/en\/wp-json\/wp\/v2\/comments?post=2039"}],"version-history":[{"count":22,"href":"https:\/\/homelocation.ch\/en\/wp-json\/wp\/v2\/pages\/2039\/revisions"}],"predecessor-version":[{"id":3506,"href":"https:\/\/homelocation.ch\/en\/wp-json\/wp\/v2\/pages\/2039\/revisions\/3506"}],"wp:attachment":[{"href":"https:\/\/homelocation.ch\/en\/wp-json\/wp\/v2\/media?parent=2039"}],"curies":[{"name":"wp","href":"https:\/\/api.w.org\/{rel}","templated":true}]}}