{"id":2008,"date":"2019-07-01T16:09:50","date_gmt":"2019-07-01T16:09:50","guid":{"rendered":"https:\/\/demo.gloriathemes.com\/luxe\/demo\/?page_id=2008"},"modified":"2025-10-20T12:53:43","modified_gmt":"2025-10-20T12:53:43","slug":"blog-2","status":"publish","type":"page","link":"https:\/\/homelocation.ch\/en\/blog-2\/","title":{"rendered":"Blog 2"},"content":{"rendered":"<div class=\"vc_row wpb_row vc_row-fluid gt-background-position-initial gt-background-attachment-initial gt-text-default\"><div class=\"wpb_column vc_column_container vc_col-sm-12\"><div class=\"vc_column-inner\"><div class=\"wpb_wrapper\"><div class=\"gt-blog-list\"><div class=\"gt-blog-list-item gt-style-1\"><div class=\"gt-content\"><div class=\"gt-line\"><\/div><h3 class=\"gt-title\"><a href=\"https:\/\/homelocation.ch\/en\/differences-between-real-estate-agencies-property-management-companies-and-relocation-agencies-in-geneva\/\">Differences between Real Estate Agencies, Property Management Companies, and Relocation Agencies in Geneva<\/a><\/h3><p class=\"gt-excerpt\">When looking to buy, sell, or rent a property in Geneva, it&rsquo;s important to understand the differences between real estate agencies, property management companies, and relocation agencies. Although these three...<\/p><span><div class=\"gt-comments\"><a href=\"https:\/\/homelocation.ch\/en\/differences-between-real-estate-agencies-property-management-companies-and-relocation-agencies-in-geneva\/#comments\">0 Comment<\/a><\/div><div class=\"gt-date\">May 31, 2024<\/div><\/span><\/div><\/div><div class=\"gt-blog-list-item gt-style-1\"><div class=\"gt-content\"><div class=\"gt-line\"><\/div><h3 class=\"gt-title\"><a href=\"https:\/\/homelocation.ch\/en\/differences-entre-les-agences-immobilieres-les-regies-et-les-agences-de-relocation-a-geneve\/\">Diff\u00e9rences entre les Agences Immobili\u00e8res, les R\u00e9gies et les Agences de Relocation \u00e0 Gen\u00e8ve<\/a><\/h3><p class=\"gt-excerpt\">Lorsque vous cherchez \u00e0 acheter, vendre ou louer un bien immobilier \u00e0 Gen\u00e8ve, il est important de comprendre les diff\u00e9rences entre les agences immobili\u00e8res, les r\u00e9gies et les agences de...<\/p><span><div class=\"gt-comments\"><a href=\"https:\/\/homelocation.ch\/en\/differences-entre-les-agences-immobilieres-les-regies-et-les-agences-de-relocation-a-geneve\/#comments\">0 Comment<\/a><\/div><div class=\"gt-date\">May 31, 2024<\/div><\/span><\/div><\/div><div class=\"gt-blog-list-item gt-style-1\"><div class=\"gt-content\"><div class=\"gt-line\"><\/div><h3 class=\"gt-title\"><a href=\"https:\/\/homelocation.ch\/en\/the-advantages-and-disadvantages-of-using-a-real-estate-agency-for-relocation-or-apartment-search-in-geneva\/\">The Advantages and Disadvantages of Using a Real Estate Agency for Relocation or Apartment Search in Geneva<\/a><\/h3><p class=\"gt-excerpt\">Geneva, an international city par excellence, attracts numerous expatriates as well as local residents every year in search of new accommodations. Whether you are a newcomer to the region or...<\/p><span><div class=\"gt-comments\"><a href=\"https:\/\/homelocation.ch\/en\/the-advantages-and-disadvantages-of-using-a-real-estate-agency-for-relocation-or-apartment-search-in-geneva\/#comments\">0 Comment<\/a><\/div><div class=\"gt-date\">April 18, 2024<\/div><\/span><\/div><\/div><div class=\"gt-blog-list-item gt-style-1\"><div class=\"gt-content\"><div class=\"gt-line\"><\/div><h3 class=\"gt-title\"><a href=\"https:\/\/homelocation.ch\/en\/faire-appel-a-une-agence-pour-sa-relocation-ou-recherche-de-logement-avantages-et-inconvenients\/\">Faire appel \u00e0 une agence pour sa relocation ou recherche de logement ? Avantages et inconv\u00e9nients<\/a><\/h3><p class=\"gt-excerpt\">Gen\u00e8ve, ville internationale par excellence, attire chaque ann\u00e9e de nombreux ressortissants expatri\u00e9s ainsi que des habitants locaux \u00e0 la recherche de nouveaux logements. Que vous soyez un nouveau venu dans...<\/p><span><div class=\"gt-comments\"><a href=\"https:\/\/homelocation.ch\/en\/faire-appel-a-une-agence-pour-sa-relocation-ou-recherche-de-logement-avantages-et-inconvenients\/#comments\">0 Comment<\/a><\/div><div class=\"gt-date\">April 18, 2024<\/div><\/span><\/div><\/div><div class=\"gt-blog-list-item gt-style-1\"><div class=\"gt-content\"><div class=\"gt-line\"><\/div><h3 class=\"gt-title\"><a href=\"https:\/\/homelocation.ch\/en\/conseil-pour-votre-premier-projet-immobilier\/\">Conseil pour votre premier projet immobilier<\/a><\/h3><p class=\"gt-excerpt\">Pour les nouveaux investisseurs immobiliers, la d\u00e9cision de louer ou de revendre leur premier bien immobilier peut \u00eatre cruciale pour leur succ\u00e8s financier \u00e0 long terme. Chacune de ces options...<\/p><span><div class=\"gt-comments\"><a href=\"https:\/\/homelocation.ch\/en\/conseil-pour-votre-premier-projet-immobilier\/#comments\">0 Comment<\/a><\/div><div class=\"gt-date\">April 3, 2024<\/div><\/span><\/div><\/div><\/div><div class=\"gt-pagination gt-light\"><ul class='page-numbers'>\n\t<li><span aria-current=\"page\" class=\"page-numbers current\">1<\/span><\/li>\n\t<li><a class=\"page-numbers\" href=\"https:\/\/homelocation.ch\/en\/wp-json\/wp\/v2\/pages\/2008\/page\/2\/\">2<\/a><\/li>\n\t<li><a class=\"page-numbers\" href=\"https:\/\/homelocation.ch\/en\/wp-json\/wp\/v2\/pages\/2008\/page\/3\/\">3<\/a><\/li>\n\t<li><span class=\"page-numbers dots\">&hellip;<\/span><\/li>\n\t<li><a class=\"page-numbers\" href=\"https:\/\/homelocation.ch\/en\/wp-json\/wp\/v2\/pages\/2008\/page\/12\/\">12<\/a><\/li>\n\t<li><a class=\"next page-numbers\" href=\"https:\/\/homelocation.ch\/en\/wp-json\/wp\/v2\/pages\/2008\/page\/2\/\">Next<\/a><\/li>\n<\/ul>\n<\/div><\/div><\/div><\/div><\/div>","protected":false},"excerpt":{"rendered":"Pour les nouveaux investisseurs immobiliers, la d\u00e9cision de louer ou de revendre leur premier bien immobilier peut \u00eatre cruciale pour leur succ\u00e8s financier \u00e0 long terme. Chacune de ces options...","protected":false},"author":1,"featured_media":0,"parent":0,"menu_order":0,"comment_status":"closed","ping_status":"closed","template":"","meta":{"om_disable_all_campaigns":false,"_monsterinsights_skip_tracking":false,"_monsterinsights_sitenote_active":false,"_monsterinsights_sitenote_note":"","_monsterinsights_sitenote_category":0,"footnotes":""},"class_list":["post-2008","page","type-page","status-publish","hentry"],"aioseo_notices":[],"yoast_head":"<!-- This site is optimized with the Yoast SEO plugin v27.3 - https:\/\/yoast.com\/product\/yoast-seo-wordpress\/ -->\n<title>Blog 2 - Homelocation.ch<\/title>\n<meta name=\"robots\" content=\"index, follow, max-snippet:-1, max-image-preview:large, max-video-preview:-1\" \/>\n<link rel=\"canonical\" href=\"https:\/\/homelocation.ch\/en\/blog-2\/\" \/>\n<meta property=\"og:locale\" content=\"en_GB\" \/>\n<meta property=\"og:type\" content=\"article\" \/>\n<meta property=\"og:title\" content=\"Blog 2 - Homelocation.ch\" \/>\n<meta property=\"og:url\" content=\"https:\/\/homelocation.ch\/en\/blog-2\/\" \/>\n<meta property=\"og:site_name\" content=\"Homelocation.ch\" \/>\n<meta property=\"article:modified_time\" content=\"2025-10-20T12:53:43+00:00\" \/>\n<meta name=\"twitter:card\" content=\"summary_large_image\" \/>\n<script type=\"application\/ld+json\" class=\"yoast-schema-graph\">{\"@context\":\"https:\\\/\\\/schema.org\",\"@graph\":[{\"@type\":\"WebPage\",\"@id\":\"https:\\\/\\\/homelocation.ch\\\/blog-2\\\/\",\"url\":\"https:\\\/\\\/homelocation.ch\\\/blog-2\\\/\",\"name\":\"Blog 2 - Homelocation.ch\",\"isPartOf\":{\"@id\":\"https:\\\/\\\/homelocation.ch\\\/#website\"},\"datePublished\":\"2019-07-01T16:09:50+00:00\",\"dateModified\":\"2025-10-20T12:53:43+00:00\",\"breadcrumb\":{\"@id\":\"https:\\\/\\\/homelocation.ch\\\/blog-2\\\/#breadcrumb\"},\"inLanguage\":\"en-GB\",\"potentialAction\":[{\"@type\":\"ReadAction\",\"target\":[\"https:\\\/\\\/homelocation.ch\\\/blog-2\\\/\"]}]},{\"@type\":\"BreadcrumbList\",\"@id\":\"https:\\\/\\\/homelocation.ch\\\/blog-2\\\/#breadcrumb\",\"itemListElement\":[{\"@type\":\"ListItem\",\"position\":1,\"name\":\"Accueil\",\"item\":\"https:\\\/\\\/homelocation.ch\\\/\"},{\"@type\":\"ListItem\",\"position\":2,\"name\":\"Blog 2\"}]},{\"@type\":\"WebSite\",\"@id\":\"https:\\\/\\\/homelocation.ch\\\/#website\",\"url\":\"https:\\\/\\\/homelocation.ch\\\/\",\"name\":\"Homelocation.ch\",\"description\":\"L&#039;ideal fa\u00e7onn\u00e9 pour vous !\",\"potentialAction\":[{\"@type\":\"SearchAction\",\"target\":{\"@type\":\"EntryPoint\",\"urlTemplate\":\"https:\\\/\\\/homelocation.ch\\\/?s={search_term_string}\"},\"query-input\":{\"@type\":\"PropertyValueSpecification\",\"valueRequired\":true,\"valueName\":\"search_term_string\"}}],\"inLanguage\":\"en-GB\"}]}<\/script>\n<!-- \/ Yoast SEO plugin. -->","yoast_head_json":{"title":"Blog 2 - Homelocation.ch","robots":{"index":"index","follow":"follow","max-snippet":"max-snippet:-1","max-image-preview":"max-image-preview:large","max-video-preview":"max-video-preview:-1"},"canonical":"https:\/\/homelocation.ch\/en\/blog-2\/","og_locale":"en_GB","og_type":"article","og_title":"Blog 2 - Homelocation.ch","og_url":"https:\/\/homelocation.ch\/en\/blog-2\/","og_site_name":"Homelocation.ch","article_modified_time":"2025-10-20T12:53:43+00:00","twitter_card":"summary_large_image","schema":{"@context":"https:\/\/schema.org","@graph":[{"@type":"WebPage","@id":"https:\/\/homelocation.ch\/blog-2\/","url":"https:\/\/homelocation.ch\/blog-2\/","name":"Blog 2 - Homelocation.ch","isPartOf":{"@id":"https:\/\/homelocation.ch\/#website"},"datePublished":"2019-07-01T16:09:50+00:00","dateModified":"2025-10-20T12:53:43+00:00","breadcrumb":{"@id":"https:\/\/homelocation.ch\/blog-2\/#breadcrumb"},"inLanguage":"en-GB","potentialAction":[{"@type":"ReadAction","target":["https:\/\/homelocation.ch\/blog-2\/"]}]},{"@type":"BreadcrumbList","@id":"https:\/\/homelocation.ch\/blog-2\/#breadcrumb","itemListElement":[{"@type":"ListItem","position":1,"name":"Accueil","item":"https:\/\/homelocation.ch\/"},{"@type":"ListItem","position":2,"name":"Blog 2"}]},{"@type":"WebSite","@id":"https:\/\/homelocation.ch\/#website","url":"https:\/\/homelocation.ch\/","name":"Homelocation.ch","description":"L&#039;ideal fa\u00e7onn\u00e9 pour vous !","potentialAction":[{"@type":"SearchAction","target":{"@type":"EntryPoint","urlTemplate":"https:\/\/homelocation.ch\/?s={search_term_string}"},"query-input":{"@type":"PropertyValueSpecification","valueRequired":true,"valueName":"search_term_string"}}],"inLanguage":"en-GB"}]}},"_links":{"self":[{"href":"https:\/\/homelocation.ch\/en\/wp-json\/wp\/v2\/pages\/2008","targetHints":{"allow":["GET"]}}],"collection":[{"href":"https:\/\/homelocation.ch\/en\/wp-json\/wp\/v2\/pages"}],"about":[{"href":"https:\/\/homelocation.ch\/en\/wp-json\/wp\/v2\/types\/page"}],"author":[{"embeddable":true,"href":"https:\/\/homelocation.ch\/en\/wp-json\/wp\/v2\/users\/1"}],"replies":[{"embeddable":true,"href":"https:\/\/homelocation.ch\/en\/wp-json\/wp\/v2\/comments?post=2008"}],"version-history":[{"count":7,"href":"https:\/\/homelocation.ch\/en\/wp-json\/wp\/v2\/pages\/2008\/revisions"}],"predecessor-version":[{"id":3432,"href":"https:\/\/homelocation.ch\/en\/wp-json\/wp\/v2\/pages\/2008\/revisions\/3432"}],"wp:attachment":[{"href":"https:\/\/homelocation.ch\/en\/wp-json\/wp\/v2\/media?parent=2008"}],"curies":[{"name":"wp","href":"https:\/\/api.w.org\/{rel}","templated":true}]}}