{"id":1898,"date":"2018-12-26T10:12:40","date_gmt":"2018-12-26T10:12:40","guid":{"rendered":"https:\/\/demo.gloriathemes.com\/luxe\/demo\/?page_id=1898"},"modified":"2026-03-25T10:11:37","modified_gmt":"2026-03-25T10:11:37","slug":"contact","status":"publish","type":"page","link":"https:\/\/homelocation.ch\/en\/contact\/","title":{"rendered":"Contact 3"},"content":{"rendered":"<div data-vc-full-width=\"true\" data-vc-full-width-init=\"false\" data-vc-stretch-content=\"true\" class=\"vc_row wpb_row vc_row-fluid gt-background-position-initial gt-background-attachment-initial gt-text-center vc_row-no-padding\"><div class=\"wpb_column vc_column_container vc_col-sm-12\"><div class=\"vc_column-inner\"><div class=\"wpb_wrapper\"><div class=\"vc_empty_space\"   style=\"height: 120px\"><span class=\"vc_empty_space_inner\"><\/span><\/div><div class=\"gt-slider\" style=\"height: 100vh;\"><div class=\"swiper-container gt-swiper-slider\" data-gt-direction=\"vertical\" data-gt-item=\"1\" data-gt-item-space=\"0\" data-gt-effect=\"slide\" data-gt-speed=\"1000\" data-gt-loop=\"false\" data-gt-centered-slides=\"false\" data-gt-free-mode=\"false\" data-gt-mousewheel=\"false\" data-gt-lazy-loading=\"false\"><div class=\"swiper-wrapper\"><div class=\"swiper-slide\"><div class=\"gt-img gt-opacity-effect-false gt-background-position-default gt-background-attachment-default gt-background-size-default gt-background-repeat-default\" style=\"background-image:url(https:\/\/homelocation.ch\/wp-content\/uploads\/2021\/12\/contact-1.png);\"><\/div><div class=\"gt-container\"><div class=\"gt-page-heading gt-left\"><span>Homelocation - Your ideal partner <\/span><h1>Contact <\/h1><\/div><\/div><\/div><\/div><\/div><\/div><\/div><\/div><\/div><\/div><div class=\"vc_row-full-width vc_clearfix\"><\/div><div class=\"vc_row wpb_row vc_row-fluid gt-background-position-initial gt-background-attachment-initial gt-text-default\"><div class=\"wpb_column vc_column_container vc_col-sm-12 vc_col-lg-1\/5 vc_col-md-1\/5 vc_hidden-sm vc_hidden-xs\"><div class=\"vc_column-inner\"><div class=\"wpb_wrapper\"><\/div><\/div><\/div><div class=\"wpb_column vc_column_container vc_col-sm-12 vc_col-lg-3\/5 vc_col-md-3\/5 vc_col-xs-12\"><div class=\"vc_column-inner\"><div class=\"wpb_wrapper\"><div class=\"gt-page-heading gt-dark gt-center\"><div class=\"gt-line\"><\/div><span>contact<\/span><h1>Leave us your information and we will get back to you.<\/h1><\/div>\n\t<div class=\"wpb_text_column wpb_content_element\" >\n\t\t<div class=\"wpb_wrapper\">\n\t\t\t<p style=\"text-align: center;\">Thank you for your interest in our services. A Home Location employee will contact you in order to respond to your requests in a personalized way. To do this, all you need to do is enter your phone number and your email.<\/p>\n<p style=\"text-align: center;\">Thank you and see you soon.<\/p>\n<p style=\"text-align: center;\">Home Location<\/p>\n\n\t\t<\/div>\n\t<\/div>\n<div class=\"vc_empty_space\"   style=\"height: 60px\"><span class=\"vc_empty_space_inner\"><\/span><\/div><\/div><\/div><\/div><div class=\"wpb_column vc_column_container vc_col-sm-12 vc_col-lg-1\/5 vc_col-md-1\/5 vc_hidden-sm vc_hidden-xs\"><div class=\"vc_column-inner\"><div class=\"wpb_wrapper\"><\/div><\/div><\/div><\/div><div class=\"vc_row wpb_row vc_row-fluid gt-background-position-initial gt-background-attachment-initial gt-text-default\"><div class=\"wpb_column vc_column_container vc_col-sm-12 vc_col-lg-2 vc_col-md-2 vc_hidden-sm vc_hidden-xs\"><div class=\"vc_column-inner\"><div class=\"wpb_wrapper\"><\/div><\/div><\/div><div class=\"wpb_column vc_column_container vc_col-sm-12 vc_col-lg-8 vc_col-md-8 vc_col-xs-12\"><div class=\"vc_column-inner\"><div class=\"wpb_wrapper\">\n\t<div class=\"wpb_text_column wpb_content_element\" >\n\t\t<div class=\"wpb_wrapper\">\n\t\t\t<p style=\"text-align: center;\"><strong>Rue Voltaire 16; 1201 Gen\u00e8ve<br \/>\n<\/strong><strong>contact@homelocation.ch<br \/>\n<\/strong><strong>T\u00e9l\u00e9phone : +<a href=\"tel:41225120092\">41 22 512 00 92<\/a><br \/>\n<\/strong><a href=\"https:\/\/homelocation.ch\/en\/\"><strong>www.homelocation.ch<\/strong><\/a><\/p>\n\n\t\t<\/div>\n\t<\/div>\n<div class=\"vc_empty_space\"   style=\"height: 80px\"><span class=\"vc_empty_space_inner\"><\/span><\/div><\/div><\/div><\/div><div class=\"wpb_column vc_column_container vc_col-sm-12 vc_col-lg-2 vc_col-md-2 vc_hidden-sm vc_hidden-xs\"><div class=\"vc_column-inner\"><div class=\"wpb_wrapper\"><\/div><\/div><\/div><\/div><div class=\"vc_row wpb_row vc_row-fluid gt-background-position-initial gt-background-attachment-initial gt-text-default\"><div class=\"wpb_column vc_column_container vc_col-sm-12 vc_col-lg-1 vc_col-md-1 vc_hidden-sm vc_hidden-xs\"><div class=\"vc_column-inner\"><div class=\"wpb_wrapper\"><\/div><\/div><\/div><div class=\"wpb_column vc_column_container vc_col-sm-12 vc_col-lg-10 vc_col-md-10 vc_col-xs-12\"><div class=\"vc_column-inner\"><div class=\"wpb_wrapper\">\n<div class=\"wpcf7 no-js\" id=\"wpcf7-f5-o1\" lang=\"en-US\" dir=\"ltr\" data-wpcf7-id=\"5\">\n<div class=\"screen-reader-response\"><p role=\"status\" aria-live=\"polite\" aria-atomic=\"true\"><\/p> <ul><\/ul><\/div>\n<form action=\"\/en\/wp-json\/wp\/v2\/pages\/1898#wpcf7-f5-o1\" method=\"post\" class=\"wpcf7-form init\" aria-label=\"Contact form\" novalidate=\"novalidate\" data-status=\"init\" data-trp-original-action=\"\/en\/wp-json\/wp\/v2\/pages\/1898#wpcf7-f5-o1\">\n<fieldset class=\"hidden-fields-container\"><input type=\"hidden\" name=\"_wpcf7\" value=\"5\" \/><input type=\"hidden\" name=\"_wpcf7_version\" value=\"6.1.5\" \/><input type=\"hidden\" name=\"_wpcf7_locale\" value=\"en_US\" \/><input type=\"hidden\" name=\"_wpcf7_unit_tag\" value=\"wpcf7-f5-o1\" \/><input type=\"hidden\" name=\"_wpcf7_container_post\" value=\"0\" \/><input type=\"hidden\" name=\"_wpcf7_posted_data_hash\" value=\"\" \/>\n<\/fieldset>\n<div class=\"gt-columns gt-column-2\">\n\t<div class=\"gt-col\">\n\t\t<div class=\"gt-form-group\">\n\t\t\t<p><span class=\"wpcf7-form-control-wrap\" data-name=\"your-name\"><input size=\"40\" maxlength=\"400\" class=\"wpcf7-form-control wpcf7-text wpcf7-validates-as-required\" aria-required=\"true\" aria-invalid=\"false\" placeholder=\"Name\" value=\"\" type=\"text\" name=\"your-name\" \/><\/span>\n\t\t\t<\/p>\n\t\t<\/div>\n\t\t<div class=\"gt-form-group\">\n\t\t\t<p><span class=\"wpcf7-form-control-wrap\" data-name=\"your-email\"><input size=\"40\" maxlength=\"400\" class=\"wpcf7-form-control wpcf7-email wpcf7-validates-as-required wpcf7-text wpcf7-validates-as-email\" aria-required=\"true\" aria-invalid=\"false\" placeholder=\"Email adress\" value=\"\" type=\"email\" name=\"your-email\" \/><\/span>\n\t\t\t<\/p>\n\t\t<\/div>\n\t\t<div class=\"gt-form-group\">\n\t\t\t<p><span class=\"wpcf7-form-control-wrap\" data-name=\"your-tel\"><input size=\"40\" maxlength=\"400\" class=\"wpcf7-form-control wpcf7-tel wpcf7-validates-as-required wpcf7-text wpcf7-validates-as-tel\" aria-required=\"true\" aria-invalid=\"false\" placeholder=\"Number\" value=\"\" type=\"tel\" name=\"your-tel\" \/><\/span>\n\t\t\t<\/p>\n\t\t<\/div>\n\t<\/div>\n\t<div class=\"gt-col\">\n\t\t<div class=\"gt-form-group\">\n\t\t\t<p><span class=\"wpcf7-form-control-wrap\" data-name=\"textarea-195\"><textarea cols=\"40\" rows=\"10\" maxlength=\"2000\" class=\"wpcf7-form-control wpcf7-textarea\" aria-invalid=\"false\" name=\"textarea-195\">votre message\/your message<\/textarea><\/span>\n\t\t\t<\/p>\n\t\t<\/div>\n\t\t<div class=\"gt-form-group\">\n\t\t\t<p><input class=\"wpcf7-form-control wpcf7-submit has-spinner gt-full-width\" type=\"submit\" value=\"Send\" \/>\n\t\t\t<\/p>\n\t\t<\/div>\n\t<\/div>\n<\/div><div class=\"wpcf7-response-output\" aria-hidden=\"true\"><\/div>\n<input type=\"hidden\" name=\"trp-form-language\" value=\"en\"\/><\/form>\n<\/div>\n<\/div><\/div><\/div><div class=\"wpb_column vc_column_container vc_col-sm-12 vc_col-lg-1 vc_col-md-1 vc_hidden-sm vc_hidden-xs\"><div class=\"vc_column-inner\"><div class=\"wpb_wrapper\"><\/div><\/div><\/div><\/div>","protected":false},"excerpt":{"rendered":"Homelocation - Votre partenaire id\u00e9al Contactez-nous ContactLaissez-nous vos informations et nous vous recontacterons. Merci de vous int\u00e9resser \u00e0 nos prestations. Un collaborateur Home Location va prendre contact avec vous afin...","protected":false},"author":1,"featured_media":0,"parent":0,"menu_order":0,"comment_status":"closed","ping_status":"closed","template":"","meta":{"om_disable_all_campaigns":false,"_monsterinsights_skip_tracking":false,"_monsterinsights_sitenote_active":false,"_monsterinsights_sitenote_note":"","_monsterinsights_sitenote_category":0,"footnotes":""},"class_list":["post-1898","page","type-page","status-publish","hentry"],"aioseo_notices":[],"yoast_head":"<!-- This site is optimized with the Yoast SEO plugin v27.3 - https:\/\/yoast.com\/product\/yoast-seo-wordpress\/ -->\n<title>Contact 3 - Homelocation.ch<\/title>\n<meta name=\"robots\" content=\"index, follow, max-snippet:-1, max-image-preview:large, max-video-preview:-1\" \/>\n<link rel=\"canonical\" href=\"https:\/\/homelocation.ch\/en\/contact\/\" \/>\n<meta property=\"og:locale\" content=\"en_GB\" \/>\n<meta property=\"og:type\" content=\"article\" \/>\n<meta property=\"og:title\" content=\"Contact 3 - Homelocation.ch\" \/>\n<meta property=\"og:url\" content=\"https:\/\/homelocation.ch\/en\/contact\/\" \/>\n<meta property=\"og:site_name\" content=\"Homelocation.ch\" \/>\n<meta property=\"article:modified_time\" content=\"2026-03-25T10:11:37+00:00\" \/>\n<meta name=\"twitter:card\" content=\"summary_large_image\" \/>\n<meta name=\"twitter:label1\" content=\"Estimated reading time\" \/>\n\t<meta name=\"twitter:data1\" content=\"2 minutes\" \/>\n<script type=\"application\/ld+json\" class=\"yoast-schema-graph\">{\"@context\":\"https:\\\/\\\/schema.org\",\"@graph\":[{\"@type\":\"WebPage\",\"@id\":\"https:\\\/\\\/homelocation.ch\\\/contact\\\/\",\"url\":\"https:\\\/\\\/homelocation.ch\\\/contact\\\/\",\"name\":\"Contact 3 - Homelocation.ch\",\"isPartOf\":{\"@id\":\"https:\\\/\\\/homelocation.ch\\\/#website\"},\"datePublished\":\"2018-12-26T10:12:40+00:00\",\"dateModified\":\"2026-03-25T10:11:37+00:00\",\"breadcrumb\":{\"@id\":\"https:\\\/\\\/homelocation.ch\\\/contact\\\/#breadcrumb\"},\"inLanguage\":\"en-GB\",\"potentialAction\":[{\"@type\":\"ReadAction\",\"target\":[\"https:\\\/\\\/homelocation.ch\\\/contact\\\/\"]}]},{\"@type\":\"BreadcrumbList\",\"@id\":\"https:\\\/\\\/homelocation.ch\\\/contact\\\/#breadcrumb\",\"itemListElement\":[{\"@type\":\"ListItem\",\"position\":1,\"name\":\"Accueil\",\"item\":\"https:\\\/\\\/homelocation.ch\\\/\"},{\"@type\":\"ListItem\",\"position\":2,\"name\":\"Contact 3\"}]},{\"@type\":\"WebSite\",\"@id\":\"https:\\\/\\\/homelocation.ch\\\/#website\",\"url\":\"https:\\\/\\\/homelocation.ch\\\/\",\"name\":\"Homelocation.ch\",\"description\":\"L&#039;ideal fa\u00e7onn\u00e9 pour vous !\",\"potentialAction\":[{\"@type\":\"SearchAction\",\"target\":{\"@type\":\"EntryPoint\",\"urlTemplate\":\"https:\\\/\\\/homelocation.ch\\\/?s={search_term_string}\"},\"query-input\":{\"@type\":\"PropertyValueSpecification\",\"valueRequired\":true,\"valueName\":\"search_term_string\"}}],\"inLanguage\":\"en-GB\"}]}<\/script>\n<!-- \/ Yoast SEO plugin. -->","yoast_head_json":{"title":"Contact 3 - Homelocation.ch","robots":{"index":"index","follow":"follow","max-snippet":"max-snippet:-1","max-image-preview":"max-image-preview:large","max-video-preview":"max-video-preview:-1"},"canonical":"https:\/\/homelocation.ch\/en\/contact\/","og_locale":"en_GB","og_type":"article","og_title":"Contact 3 - Homelocation.ch","og_url":"https:\/\/homelocation.ch\/en\/contact\/","og_site_name":"Homelocation.ch","article_modified_time":"2026-03-25T10:11:37+00:00","twitter_card":"summary_large_image","twitter_misc":{"Estimated reading time":"2 minutes"},"schema":{"@context":"https:\/\/schema.org","@graph":[{"@type":"WebPage","@id":"https:\/\/homelocation.ch\/contact\/","url":"https:\/\/homelocation.ch\/contact\/","name":"Contact 3 - Homelocation.ch","isPartOf":{"@id":"https:\/\/homelocation.ch\/#website"},"datePublished":"2018-12-26T10:12:40+00:00","dateModified":"2026-03-25T10:11:37+00:00","breadcrumb":{"@id":"https:\/\/homelocation.ch\/contact\/#breadcrumb"},"inLanguage":"en-GB","potentialAction":[{"@type":"ReadAction","target":["https:\/\/homelocation.ch\/contact\/"]}]},{"@type":"BreadcrumbList","@id":"https:\/\/homelocation.ch\/contact\/#breadcrumb","itemListElement":[{"@type":"ListItem","position":1,"name":"Accueil","item":"https:\/\/homelocation.ch\/"},{"@type":"ListItem","position":2,"name":"Contact 3"}]},{"@type":"WebSite","@id":"https:\/\/homelocation.ch\/#website","url":"https:\/\/homelocation.ch\/","name":"Homelocation.ch","description":"L&#039;ideal fa\u00e7onn\u00e9 pour vous !","potentialAction":[{"@type":"SearchAction","target":{"@type":"EntryPoint","urlTemplate":"https:\/\/homelocation.ch\/?s={search_term_string}"},"query-input":{"@type":"PropertyValueSpecification","valueRequired":true,"valueName":"search_term_string"}}],"inLanguage":"en-GB"}]}},"_links":{"self":[{"href":"https:\/\/homelocation.ch\/en\/wp-json\/wp\/v2\/pages\/1898","targetHints":{"allow":["GET"]}}],"collection":[{"href":"https:\/\/homelocation.ch\/en\/wp-json\/wp\/v2\/pages"}],"about":[{"href":"https:\/\/homelocation.ch\/en\/wp-json\/wp\/v2\/types\/page"}],"author":[{"embeddable":true,"href":"https:\/\/homelocation.ch\/en\/wp-json\/wp\/v2\/users\/1"}],"replies":[{"embeddable":true,"href":"https:\/\/homelocation.ch\/en\/wp-json\/wp\/v2\/comments?post=1898"}],"version-history":[{"count":19,"href":"https:\/\/homelocation.ch\/en\/wp-json\/wp\/v2\/pages\/1898\/revisions"}],"predecessor-version":[{"id":3508,"href":"https:\/\/homelocation.ch\/en\/wp-json\/wp\/v2\/pages\/1898\/revisions\/3508"}],"wp:attachment":[{"href":"https:\/\/homelocation.ch\/en\/wp-json\/wp\/v2\/media?parent=1898"}],"curies":[{"name":"wp","href":"https:\/\/api.w.org\/{rel}","templated":true}]}}