{"id":1602,"date":"2018-09-23T11:09:58","date_gmt":"2018-09-23T11:09:58","guid":{"rendered":"https:\/\/demo.gloriathemes.com\/luxe\/demo\/?page_id=1602"},"modified":"2021-02-22T13:07:05","modified_gmt":"2021-02-22T13:07:05","slug":"home-staging","status":"publish","type":"page","link":"https:\/\/homelocation.ch\/en\/home-staging\/","title":{"rendered":"Home Staging"},"content":{"rendered":"<div data-vc-full-width=\"true\" data-vc-full-width-init=\"false\" data-vc-stretch-content=\"true\" class=\"vc_row wpb_row vc_row-fluid gt-background-position-initial gt-background-attachment-initial gt-text-default vc_row-no-padding\"><div class=\"wpb_column vc_column_container vc_col-sm-12\"><div class=\"vc_column-inner\"><div class=\"wpb_wrapper\"><div class=\"gt-slider\" style=\"height: 100vh;\"><div class=\"swiper-container gt-swiper-slider\" data-gt-direction=\"vertical\" data-gt-item=\"1\" data-gt-item-space=\"0\" data-gt-effect=\"slide\" data-gt-speed=\"1000\" data-gt-loop=\"false\" data-gt-centered-slides=\"true\" data-gt-free-mode=\"false\" data-gt-mousewheel=\"false\" data-gt-lazy-loading=\"false\"><div class=\"swiper-wrapper\"><div class=\"swiper-slide\"><div class=\"gt-img gt-opacity-effect-false gt-background-position-default gt-background-attachment-default gt-background-size-default gt-background-repeat-default\" style=\"background-image:url(https:\/\/homelocation.ch\/wp-content\/uploads\/2020\/12\/details-4.jpeg);\"><\/div><div class=\"gt-container\"><div class=\"gt-page-heading gt-center\"><div class=\"gt-line\"><\/div><span>Home location<\/span><h1>Home Staging<\/h1><\/div><\/div><\/div><\/div><\/div><\/div><\/div><\/div><\/div><\/div><div class=\"vc_row-full-width vc_clearfix\"><\/div><div data-vc-full-width=\"true\" data-vc-full-width-init=\"false\" data-vc-stretch-content=\"true\" class=\"vc_row wpb_row vc_row-fluid gt-background-position-initial gt-background-attachment-initial gt-text-default vc_row-no-padding\"><div class=\"wpb_column vc_column_container vc_col-sm-12\"><div class=\"vc_column-inner\"><div class=\"wpb_wrapper\"><div class=\"vc_empty_space\"   style=\"height: 100px\"><span class=\"vc_empty_space_inner\"><\/span><\/div><\/div><\/div><\/div><\/div><div class=\"vc_row-full-width vc_clearfix\"><\/div><div class=\"vc_row wpb_row vc_row-fluid gt-background-position-initial gt-background-attachment-initial gt-text-default\"><div class=\"wpb_column vc_column_container vc_col-sm-6\"><div class=\"vc_column-inner\"><div class=\"wpb_wrapper\"><div class=\"gt-image gt-align-left\"><img width=\"1280\" height=\"720\" class=\"attachment-full size-full gt-lazy-load\" alt=\"\" data-src=\"https:\/\/homelocation.ch\/wp-content\/uploads\/2021\/02\/room-6.jpeg\" data-srcset=\"https:\/\/homelocation.ch\/wp-content\/uploads\/2021\/02\/room-6.jpeg 1280w, https:\/\/homelocation.ch\/wp-content\/uploads\/2021\/02\/room-6-300x169.jpeg 300w, https:\/\/homelocation.ch\/wp-content\/uploads\/2021\/02\/room-6-1024x576.jpeg 1024w, https:\/\/homelocation.ch\/wp-content\/uploads\/2021\/02\/room-6-768x432.jpeg 768w\" data-sizes=\"(max-width: 1280px) 100vw, 1280px\" \/><\/div><\/div><\/div><\/div><div class=\"wpb_column vc_column_container vc_col-sm-6\"><div class=\"vc_column-inner\"><div class=\"wpb_wrapper\">\n\t<div class=\"wpb_text_column wpb_content_element\" >\n\t\t<div class=\"wpb_wrapper\">\n\t\t\t<h2>La d\u00e9co pour mieux vendre, louer et habiter<\/h2>\n<p style=\"text-align: left;\">Chez Home Location, nous proposons un service d\u2019agencement cl\u00e9s en main qui r\u00e9pondent \u00e0 vos besoins. Le home staging aide le visiteur \u00e0 se projeter dans l\u2019espace du logement et l\u2019am\u00e8ne \u00e0 se voir y vivre de par l\u2019environnement accueillant et s\u00e9duisant qu\u2019il cr\u00e9e.<\/p>\n<p style=\"text-align: left;\">C\u2019est un atout ind\u00e9niable pour ceux qui veulent vendre ou louer vite et bien un objet immobilier. Aussi, Home Location vous accompagne tout au long de ce processus pour la vente ou la location r\u00e9ussie de votre bien. Nos services s\u2019adresse aux soci\u00e9t\u00e9s et \u00e0 tous ceux qui d\u00e9sirent am\u00e9nager rapidement et efficacement leur(s) appartement(s) ou leur(s) maison(s) en leur \u00e9pargnant du temps et en leur permettant de le consacrer \u00e0 leur domaine d\u2019activit\u00e9 ou \u00e0 leur loisirs, tout en sachant que l\u2019agencement de leur(s) bien(s) est entre des mains de professionnels qui leur livrerons des am\u00e9nagements qui les s\u00e9duiront et pr\u00eats \u00e0 l\u2019emploi.<\/p>\n\n\t\t<\/div>\n\t<\/div>\n<\/div><\/div><\/div><\/div><div data-vc-full-width=\"true\" data-vc-full-width-init=\"false\" data-vc-stretch-content=\"true\" class=\"vc_row wpb_row vc_row-fluid gt-background-position-initial gt-background-attachment-initial gt-text-default vc_row-no-padding\"><div class=\"wpb_column vc_column_container vc_col-sm-12\"><div class=\"vc_column-inner\"><div class=\"wpb_wrapper\"><div class=\"vc_empty_space\"   style=\"height: 100px\"><span class=\"vc_empty_space_inner\"><\/span><\/div><\/div><\/div><\/div><\/div><div class=\"vc_row-full-width vc_clearfix\"><\/div>","protected":false},"excerpt":{"rendered":"Home locationHome Staging La d\u00e9co pour mieux vendre, louer et habiter Chez Home Location, nous proposons un service d\u2019agencement cl\u00e9s en main qui r\u00e9pondent \u00e0 vos besoins. Le home staging...","protected":false},"author":1,"featured_media":0,"parent":0,"menu_order":0,"comment_status":"closed","ping_status":"closed","template":"","meta":{"om_disable_all_campaigns":false,"_monsterinsights_skip_tracking":false,"_monsterinsights_sitenote_active":false,"_monsterinsights_sitenote_note":"","_monsterinsights_sitenote_category":0,"footnotes":""},"class_list":["post-1602","page","type-page","status-publish","hentry"],"aioseo_notices":[],"yoast_head":"<!-- This site is optimized with the Yoast SEO plugin v27.4 - https:\/\/yoast.com\/product\/yoast-seo-wordpress\/ -->\n<title>Home Staging - Homelocation.ch<\/title>\n<meta name=\"robots\" content=\"index, follow, max-snippet:-1, max-image-preview:large, max-video-preview:-1\" \/>\n<link rel=\"canonical\" href=\"https:\/\/homelocation.ch\/en\/home-staging\/\" \/>\n<meta property=\"og:locale\" content=\"en_GB\" \/>\n<meta property=\"og:type\" content=\"article\" \/>\n<meta property=\"og:title\" content=\"Home Staging - Homelocation.ch\" \/>\n<meta property=\"og:url\" content=\"https:\/\/homelocation.ch\/en\/home-staging\/\" \/>\n<meta property=\"og:site_name\" content=\"Homelocation.ch\" \/>\n<meta property=\"article:modified_time\" content=\"2021-02-22T13:07:05+00:00\" \/>\n<meta name=\"twitter:card\" content=\"summary_large_image\" \/>\n<meta name=\"twitter:label1\" content=\"Estimated reading time\" \/>\n\t<meta name=\"twitter:data1\" content=\"2 minutes\" \/>\n<script type=\"application\/ld+json\" class=\"yoast-schema-graph\">{\"@context\":\"https:\\\/\\\/schema.org\",\"@graph\":[{\"@type\":\"WebPage\",\"@id\":\"https:\\\/\\\/homelocation.ch\\\/home-staging\\\/\",\"url\":\"https:\\\/\\\/homelocation.ch\\\/home-staging\\\/\",\"name\":\"Home Staging - Homelocation.ch\",\"isPartOf\":{\"@id\":\"https:\\\/\\\/homelocation.ch\\\/#website\"},\"datePublished\":\"2018-09-23T11:09:58+00:00\",\"dateModified\":\"2021-02-22T13:07:05+00:00\",\"breadcrumb\":{\"@id\":\"https:\\\/\\\/homelocation.ch\\\/home-staging\\\/#breadcrumb\"},\"inLanguage\":\"en-GB\",\"potentialAction\":[{\"@type\":\"ReadAction\",\"target\":[\"https:\\\/\\\/homelocation.ch\\\/home-staging\\\/\"]}]},{\"@type\":\"BreadcrumbList\",\"@id\":\"https:\\\/\\\/homelocation.ch\\\/home-staging\\\/#breadcrumb\",\"itemListElement\":[{\"@type\":\"ListItem\",\"position\":1,\"name\":\"Accueil\",\"item\":\"https:\\\/\\\/homelocation.ch\\\/\"},{\"@type\":\"ListItem\",\"position\":2,\"name\":\"Home Staging\"}]},{\"@type\":\"WebSite\",\"@id\":\"https:\\\/\\\/homelocation.ch\\\/#website\",\"url\":\"https:\\\/\\\/homelocation.ch\\\/\",\"name\":\"Homelocation.ch\",\"description\":\"L&#039;ideal fa\u00e7onn\u00e9 pour vous !\",\"potentialAction\":[{\"@type\":\"SearchAction\",\"target\":{\"@type\":\"EntryPoint\",\"urlTemplate\":\"https:\\\/\\\/homelocation.ch\\\/?s={search_term_string}\"},\"query-input\":{\"@type\":\"PropertyValueSpecification\",\"valueRequired\":true,\"valueName\":\"search_term_string\"}}],\"inLanguage\":\"en-GB\"}]}<\/script>\n<!-- \/ Yoast SEO plugin. -->","yoast_head_json":{"title":"Home Staging - Homelocation.ch","robots":{"index":"index","follow":"follow","max-snippet":"max-snippet:-1","max-image-preview":"max-image-preview:large","max-video-preview":"max-video-preview:-1"},"canonical":"https:\/\/homelocation.ch\/en\/home-staging\/","og_locale":"en_GB","og_type":"article","og_title":"Home Staging - Homelocation.ch","og_url":"https:\/\/homelocation.ch\/en\/home-staging\/","og_site_name":"Homelocation.ch","article_modified_time":"2021-02-22T13:07:05+00:00","twitter_card":"summary_large_image","twitter_misc":{"Estimated reading time":"2 minutes"},"schema":{"@context":"https:\/\/schema.org","@graph":[{"@type":"WebPage","@id":"https:\/\/homelocation.ch\/home-staging\/","url":"https:\/\/homelocation.ch\/home-staging\/","name":"Home Staging - Homelocation.ch","isPartOf":{"@id":"https:\/\/homelocation.ch\/#website"},"datePublished":"2018-09-23T11:09:58+00:00","dateModified":"2021-02-22T13:07:05+00:00","breadcrumb":{"@id":"https:\/\/homelocation.ch\/home-staging\/#breadcrumb"},"inLanguage":"en-GB","potentialAction":[{"@type":"ReadAction","target":["https:\/\/homelocation.ch\/home-staging\/"]}]},{"@type":"BreadcrumbList","@id":"https:\/\/homelocation.ch\/home-staging\/#breadcrumb","itemListElement":[{"@type":"ListItem","position":1,"name":"Accueil","item":"https:\/\/homelocation.ch\/"},{"@type":"ListItem","position":2,"name":"Home Staging"}]},{"@type":"WebSite","@id":"https:\/\/homelocation.ch\/#website","url":"https:\/\/homelocation.ch\/","name":"Homelocation.ch","description":"L&#039;ideal fa\u00e7onn\u00e9 pour vous !","potentialAction":[{"@type":"SearchAction","target":{"@type":"EntryPoint","urlTemplate":"https:\/\/homelocation.ch\/?s={search_term_string}"},"query-input":{"@type":"PropertyValueSpecification","valueRequired":true,"valueName":"search_term_string"}}],"inLanguage":"en-GB"}]}},"_links":{"self":[{"href":"https:\/\/homelocation.ch\/en\/wp-json\/wp\/v2\/pages\/1602","targetHints":{"allow":["GET"]}}],"collection":[{"href":"https:\/\/homelocation.ch\/en\/wp-json\/wp\/v2\/pages"}],"about":[{"href":"https:\/\/homelocation.ch\/en\/wp-json\/wp\/v2\/types\/page"}],"author":[{"embeddable":true,"href":"https:\/\/homelocation.ch\/en\/wp-json\/wp\/v2\/users\/1"}],"replies":[{"embeddable":true,"href":"https:\/\/homelocation.ch\/en\/wp-json\/wp\/v2\/comments?post=1602"}],"version-history":[{"count":13,"href":"https:\/\/homelocation.ch\/en\/wp-json\/wp\/v2\/pages\/1602\/revisions"}],"predecessor-version":[{"id":2842,"href":"https:\/\/homelocation.ch\/en\/wp-json\/wp\/v2\/pages\/1602\/revisions\/2842"}],"wp:attachment":[{"href":"https:\/\/homelocation.ch\/en\/wp-json\/wp\/v2\/media?parent=1602"}],"curies":[{"name":"wp","href":"https:\/\/api.w.org\/{rel}","templated":true}]}}