{"id":11,"date":"2018-09-01T10:31:23","date_gmt":"2018-09-01T10:31:23","guid":{"rendered":"https:\/\/demo.gloriathemes.com\/luxe\/demo\/?page_id=11"},"modified":"2026-03-25T10:11:04","modified_gmt":"2026-03-25T10:11:04","slug":"vente-immobiliere","status":"publish","type":"page","link":"https:\/\/homelocation.ch\/en\/vente-immobiliere\/","title":{"rendered":"Property sale"},"content":{"rendered":"<div data-vc-full-width=\"true\" data-vc-full-width-init=\"false\" data-vc-stretch-content=\"true\" class=\"vc_row wpb_row vc_row-fluid gt-background-position-initial gt-background-attachment-initial gt-text-default vc_row-no-padding\"><div class=\"wpb_column vc_column_container vc_col-sm-12\"><div class=\"vc_column-inner\"><div class=\"wpb_wrapper\"><div class=\"gt-slider\" style=\"height: 100vh;\"><div class=\"swiper-container gt-swiper-slider\" data-gt-direction=\"vertical\" data-gt-item=\"1\" data-gt-item-space=\"0\" data-gt-effect=\"slide\" data-gt-speed=\"1000\" data-gt-loop=\"true\" data-gt-centered-slides=\"false\" data-gt-free-mode=\"false\" data-gt-mousewheel=\"false\" data-gt-lazy-loading=\"true\"><div class=\"swiper-wrapper\"><div class=\"swiper-slide\"><div class=\"gt-img swiper-lazy gt-opacity-effect-true gt-background-position-default gt-background-attachment-default gt-background-size-default gt-background-repeat-default\" data-background=\"https:\/\/homelocation.ch\/wp-content\/uploads\/2021\/12\/01_Votre-projet-est-entre-de-bonnes-mains....png\"><div class=\"swiper-lazy-preloader\"><\/div><\/div><div class=\"gt-container\"><div class=\"gt-page-heading gt-center\"><div class=\"gt-line\"><\/div><span>Your project is in good hands...<\/span><h1>Property sale <\/h1><\/div><\/div><\/div><\/div><div class=\"gt-slider-controls\"><div class=\"gt-slider-button gt-slider-prev\"><svg xmlns=\"http:\/\/www.w3.org\/2000\/svg\" viewbox=\"0 0 24 24\" fill=\"none\" stroke=\"currentColor\" stroke-width=\"2\" stroke-linecap=\"round\" stroke-linejoin=\"round\"><polyline points=\"15 18 9 12 15 6\"><\/polyline><\/svg><\/div><div class=\"gt-slider-button gt-slider-next\"><svg xmlns=\"http:\/\/www.w3.org\/2000\/svg\" viewbox=\"0 0 24 24\" fill=\"none\" stroke=\"currentColor\" stroke-width=\"2\" stroke-linecap=\"round\" stroke-linejoin=\"round\"><polyline points=\"9 18 15 12 9 6\"><\/polyline><\/svg><\/div><\/div><\/div><\/div><\/div><\/div><\/div><\/div><div class=\"vc_row-full-width vc_clearfix\"><\/div><div class=\"vc_row wpb_row vc_row-fluid gt-background-position-initial gt-background-attachment-initial gt-text-default\"><div class=\"wpb_column vc_column_container vc_col-sm-12\"><div class=\"vc_column-inner\"><div class=\"wpb_wrapper\"><div class=\"vc_empty_space\"   style=\"height: 100px\"><span class=\"vc_empty_space_inner\"><\/span><\/div><\/div><\/div><\/div><\/div><div class=\"vc_row wpb_row vc_row-fluid wpb_animate_when_almost_visible wpb_left-to-right left-to-right gt-background-position-initial gt-background-attachment-initial gt-text-default\"><div class=\"wpb_column vc_column_container vc_col-sm-6\"><div class=\"vc_column-inner\"><div class=\"wpb_wrapper\"><div class=\"gt-image gt-align-left\"><img width=\"1920\" height=\"1280\" class=\"attachment-full size-full gt-lazy-load\" alt=\"\" data-src=\"https:\/\/homelocation.ch\/wp-content\/uploads\/2021\/12\/01_jusqua-son-aboutissement.png\" data-srcset=\"https:\/\/homelocation.ch\/wp-content\/uploads\/2021\/12\/01_jusqua-son-aboutissement.png 1920w, https:\/\/homelocation.ch\/wp-content\/uploads\/2021\/12\/01_jusqua-son-aboutissement-300x200.png 300w, https:\/\/homelocation.ch\/wp-content\/uploads\/2021\/12\/01_jusqua-son-aboutissement-1024x683.png 1024w, https:\/\/homelocation.ch\/wp-content\/uploads\/2021\/12\/01_jusqua-son-aboutissement-768x512.png 768w, https:\/\/homelocation.ch\/wp-content\/uploads\/2021\/12\/01_jusqua-son-aboutissement-1536x1024.png 1536w, https:\/\/homelocation.ch\/wp-content\/uploads\/2021\/12\/01_jusqua-son-aboutissement-18x12.png 18w\" data-sizes=\"(max-width: 1920px) 100vw, 1920px\" \/><\/div><\/div><\/div><\/div><div class=\"wpb_column vc_column_container vc_col-sm-6\"><div class=\"vc_column-inner\"><div class=\"wpb_wrapper\">\n\t<div class=\"wpb_text_column wpb_content_element\" >\n\t\t<div class=\"wpb_wrapper\">\n\t\t\t<h2>...Until its completion<\/h2>\n<p>Whether it is to buy a property or sell yours, we help you negotiate under the best conditions.<\/p>\n<p>All along the way we guide and assist you on your real estate project. \nThis includes in particular: inheritance issues, tax issues, mortgage loans, insurance, legal advice, and relations with various government departments.<\/p>\n<p>We guide you through any questions you may have regarding your real estate project and provide the best possible advice based on our area of \u200b\u200bexpertise or through our specialized agents. This includes, in particular: inheritance issues, tax matters, mortgages, insurance, legal advice, and interactions with various government agencies. Contact us for any information or to schedule an appointment!<\/p>\n\n\t\t<\/div>\n\t<\/div>\n<\/div><\/div><\/div><\/div><div class=\"vc_row wpb_row vc_row-fluid gt-background-position-initial gt-background-attachment-initial gt-text-default\"><div class=\"wpb_column vc_column_container vc_col-sm-12\"><div class=\"vc_column-inner\"><div class=\"wpb_wrapper\"><div class=\"vc_empty_space\"   style=\"height: 100px\"><span class=\"vc_empty_space_inner\"><\/span><\/div><\/div><\/div><\/div><\/div><div class=\"vc_row wpb_row vc_row-fluid gt-background-position-initial gt-background-attachment-initial gt-text-default\"><div class=\"wpb_column vc_column_container vc_col-sm-12\"><div class=\"vc_column-inner\"><div class=\"wpb_wrapper\">\n\t<div class=\"wpb_text_column wpb_content_element\" >\n\t\t<div class=\"wpb_wrapper\">\n\t\t\t<p style=\"text-align: center;\"><strong>Rue Voltaire 16; 1201 Gen\u00e8ve<br \/>\n<\/strong><strong>contact@homelocation.ch<br \/>\n<\/strong><strong>T\u00e9l\u00e9phone : +<a href=\"tel:41225120092\">41 22 512 00 92<\/a><br \/>\n<\/strong><a href=\"https:\/\/homelocation.ch\/en\/\"><strong>www.homelocation.ch<\/strong><\/a><\/p>\n\n\t\t<\/div>\n\t<\/div>\n<\/div><\/div><\/div><\/div>","protected":false},"excerpt":{"rendered":"Votre projet est entre de bonnes mains\u2026Vente immobili\u00e8re .\u2026..Jusqu\u2019\u00e0 son aboutissement Nous \u00e9valuons les biens immobiliers selon les diff\u00e9rentes m\u00e9thodes en vigueur pour r\u00e9pondre au mieux \u00e0 votre demande. Que...","protected":false},"author":1,"featured_media":0,"parent":0,"menu_order":0,"comment_status":"closed","ping_status":"closed","template":"","meta":{"om_disable_all_campaigns":false,"_monsterinsights_skip_tracking":false,"_monsterinsights_sitenote_active":false,"_monsterinsights_sitenote_note":"","_monsterinsights_sitenote_category":0,"footnotes":""},"class_list":["post-11","page","type-page","status-publish","hentry"],"aioseo_notices":[],"yoast_head":"<!-- This site is optimized with the Yoast SEO plugin v27.3 - https:\/\/yoast.com\/product\/yoast-seo-wordpress\/ -->\n<title>Vente Immobili\u00e8re - Homelocation.ch<\/title>\n<meta name=\"robots\" content=\"index, follow, max-snippet:-1, max-image-preview:large, max-video-preview:-1\" \/>\n<link rel=\"canonical\" href=\"https:\/\/homelocation.ch\/en\/vente-immobiliere\/\" \/>\n<meta property=\"og:locale\" content=\"en_GB\" \/>\n<meta property=\"og:type\" content=\"article\" \/>\n<meta property=\"og:title\" content=\"Vente Immobili\u00e8re - Homelocation.ch\" \/>\n<meta property=\"og:url\" content=\"https:\/\/homelocation.ch\/en\/vente-immobiliere\/\" \/>\n<meta property=\"og:site_name\" content=\"Homelocation.ch\" \/>\n<meta property=\"article:modified_time\" content=\"2026-03-25T10:11:04+00:00\" \/>\n<meta name=\"twitter:card\" content=\"summary_large_image\" \/>\n<meta name=\"twitter:label1\" content=\"Estimated reading time\" \/>\n\t<meta name=\"twitter:data1\" content=\"2 minutes\" \/>\n<script type=\"application\/ld+json\" class=\"yoast-schema-graph\">{\"@context\":\"https:\\\/\\\/schema.org\",\"@graph\":[{\"@type\":\"WebPage\",\"@id\":\"https:\\\/\\\/homelocation.ch\\\/vente-immobiliere\\\/\",\"url\":\"https:\\\/\\\/homelocation.ch\\\/vente-immobiliere\\\/\",\"name\":\"Vente Immobili\u00e8re - Homelocation.ch\",\"isPartOf\":{\"@id\":\"https:\\\/\\\/homelocation.ch\\\/#website\"},\"datePublished\":\"2018-09-01T10:31:23+00:00\",\"dateModified\":\"2026-03-25T10:11:04+00:00\",\"breadcrumb\":{\"@id\":\"https:\\\/\\\/homelocation.ch\\\/vente-immobiliere\\\/#breadcrumb\"},\"inLanguage\":\"en-GB\",\"potentialAction\":[{\"@type\":\"ReadAction\",\"target\":[\"https:\\\/\\\/homelocation.ch\\\/vente-immobiliere\\\/\"]}]},{\"@type\":\"BreadcrumbList\",\"@id\":\"https:\\\/\\\/homelocation.ch\\\/vente-immobiliere\\\/#breadcrumb\",\"itemListElement\":[{\"@type\":\"ListItem\",\"position\":1,\"name\":\"Accueil\",\"item\":\"https:\\\/\\\/homelocation.ch\\\/\"},{\"@type\":\"ListItem\",\"position\":2,\"name\":\"Vente Immobili\u00e8re\"}]},{\"@type\":\"WebSite\",\"@id\":\"https:\\\/\\\/homelocation.ch\\\/#website\",\"url\":\"https:\\\/\\\/homelocation.ch\\\/\",\"name\":\"Homelocation.ch\",\"description\":\"L&#039;ideal fa\u00e7onn\u00e9 pour vous !\",\"potentialAction\":[{\"@type\":\"SearchAction\",\"target\":{\"@type\":\"EntryPoint\",\"urlTemplate\":\"https:\\\/\\\/homelocation.ch\\\/?s={search_term_string}\"},\"query-input\":{\"@type\":\"PropertyValueSpecification\",\"valueRequired\":true,\"valueName\":\"search_term_string\"}}],\"inLanguage\":\"en-GB\"}]}<\/script>\n<!-- \/ Yoast SEO plugin. -->","yoast_head_json":{"title":"Vente Immobili\u00e8re - Homelocation.ch","robots":{"index":"index","follow":"follow","max-snippet":"max-snippet:-1","max-image-preview":"max-image-preview:large","max-video-preview":"max-video-preview:-1"},"canonical":"https:\/\/homelocation.ch\/en\/vente-immobiliere\/","og_locale":"en_GB","og_type":"article","og_title":"Vente Immobili\u00e8re - Homelocation.ch","og_url":"https:\/\/homelocation.ch\/en\/vente-immobiliere\/","og_site_name":"Homelocation.ch","article_modified_time":"2026-03-25T10:11:04+00:00","twitter_card":"summary_large_image","twitter_misc":{"Estimated reading time":"2 minutes"},"schema":{"@context":"https:\/\/schema.org","@graph":[{"@type":"WebPage","@id":"https:\/\/homelocation.ch\/vente-immobiliere\/","url":"https:\/\/homelocation.ch\/vente-immobiliere\/","name":"Vente Immobili\u00e8re - Homelocation.ch","isPartOf":{"@id":"https:\/\/homelocation.ch\/#website"},"datePublished":"2018-09-01T10:31:23+00:00","dateModified":"2026-03-25T10:11:04+00:00","breadcrumb":{"@id":"https:\/\/homelocation.ch\/vente-immobiliere\/#breadcrumb"},"inLanguage":"en-GB","potentialAction":[{"@type":"ReadAction","target":["https:\/\/homelocation.ch\/vente-immobiliere\/"]}]},{"@type":"BreadcrumbList","@id":"https:\/\/homelocation.ch\/vente-immobiliere\/#breadcrumb","itemListElement":[{"@type":"ListItem","position":1,"name":"Accueil","item":"https:\/\/homelocation.ch\/"},{"@type":"ListItem","position":2,"name":"Vente Immobili\u00e8re"}]},{"@type":"WebSite","@id":"https:\/\/homelocation.ch\/#website","url":"https:\/\/homelocation.ch\/","name":"Homelocation.ch","description":"L&#039;ideal fa\u00e7onn\u00e9 pour vous !","potentialAction":[{"@type":"SearchAction","target":{"@type":"EntryPoint","urlTemplate":"https:\/\/homelocation.ch\/?s={search_term_string}"},"query-input":{"@type":"PropertyValueSpecification","valueRequired":true,"valueName":"search_term_string"}}],"inLanguage":"en-GB"}]}},"_links":{"self":[{"href":"https:\/\/homelocation.ch\/en\/wp-json\/wp\/v2\/pages\/11","targetHints":{"allow":["GET"]}}],"collection":[{"href":"https:\/\/homelocation.ch\/en\/wp-json\/wp\/v2\/pages"}],"about":[{"href":"https:\/\/homelocation.ch\/en\/wp-json\/wp\/v2\/types\/page"}],"author":[{"embeddable":true,"href":"https:\/\/homelocation.ch\/en\/wp-json\/wp\/v2\/users\/1"}],"replies":[{"embeddable":true,"href":"https:\/\/homelocation.ch\/en\/wp-json\/wp\/v2\/comments?post=11"}],"version-history":[{"count":82,"href":"https:\/\/homelocation.ch\/en\/wp-json\/wp\/v2\/pages\/11\/revisions"}],"predecessor-version":[{"id":3507,"href":"https:\/\/homelocation.ch\/en\/wp-json\/wp\/v2\/pages\/11\/revisions\/3507"}],"wp:attachment":[{"href":"https:\/\/homelocation.ch\/en\/wp-json\/wp\/v2\/media?parent=11"}],"curies":[{"name":"wp","href":"https:\/\/api.w.org\/{rel}","templated":true}]}}